{"id":6,"date":"2017-06-10T08:24:41","date_gmt":"2017-06-10T08:24:41","guid":{"rendered":"http:\/\/xtratheme.combusiness-2\/?page_id=6"},"modified":"2025-07-04T15:11:15","modified_gmt":"2025-07-04T15:11:15","slug":"about","status":"publish","type":"page","link":"https:\/\/lavalentinacafe.de\/index.php\/about\/","title":{"rendered":"About"},"content":{"rendered":"\t\t<div data-elementor-type=\"wp-page\" data-elementor-id=\"6\" class=\"elementor elementor-6\">\n\t\t\t\t\t\t<section class=\"elementor-section elementor-top-section elementor-element elementor-element-25f0bc4 elementor-section-boxed elementor-section-height-default elementor-section-height-default\" data-id=\"25f0bc4\" data-element_type=\"section\" data-e-type=\"section\">\n\t\t\t\t\t\t<div class=\"elementor-container elementor-column-gap-default\">\n\t\t\t\t\t<div class=\"elementor-column elementor-col-100 elementor-top-column elementor-element elementor-element-3187716\" data-id=\"3187716\" data-element_type=\"column\" data-e-type=\"column\">\n\t\t\t<div class=\"elementor-widget-wrap elementor-element-populated\">\n\t\t\t\t\t\t<div class=\"elementor-element elementor-element-0e194a3 elementor-widget__width-initial elementor-widget elementor-widget-cz_gap\" data-id=\"0e194a3\" data-element_type=\"widget\" data-e-type=\"widget\" data-widget_type=\"cz_gap.default\">\n\t\t\t\t<div class=\"elementor-widget-container\">\n\t\t\t\t\t<div class=\"cz_gap clr\"><\/div>\t\t\t\t<\/div>\n\t\t\t\t<\/div>\n\t\t\t\t<div class=\"elementor-element elementor-element-2b20ce2 elementor-widget elementor-widget-cz_image\" data-id=\"2b20ce2\" data-element_type=\"widget\" data-e-type=\"widget\" data-widget_type=\"cz_image.default\">\n\t\t\t\t<div class=\"elementor-widget-container\">\n\t\t\t\t\t\r\n\t\t<div class=\"cz_image clr cz_image_no_fx center_on_mobile\" data-position=\"\">\r\n\r\n\t\t\t<div>\r\n\r\n\t\t\t\t<div class=\"cz_image_in\">\r\n\r\n\t\t\t\t\t<div class=\"cz_main_image\"><img fetchpriority=\"high\" decoding=\"async\" width=\"350\" height=\"340\" src=\"https:\/\/lavalentinacafe.de\/wp-content\/uploads\/2024\/06\/coffee-bg-1-e1592388441790.png\" class=\"attachment-full size-full wp-image-1332\" alt=\"\" srcset=\"https:\/\/lavalentinacafe.de\/wp-content\/uploads\/2024\/06\/coffee-bg-1-e1592388441790.png 350w, https:\/\/lavalentinacafe.de\/wp-content\/uploads\/2024\/06\/coffee-bg-1-e1592388441790-300x291.png 300w\" sizes=\"(max-width: 350px) 100vw, 350px\" \/><\/div>\r\n\r\n\t\t\t\t\t<div class=\"cz_hover_image\"><img fetchpriority=\"high\" decoding=\"async\" width=\"350\" height=\"340\" src=\"https:\/\/lavalentinacafe.de\/wp-content\/uploads\/2024\/06\/coffee-bg-1-e1592388441790.png\" class=\"attachment-full size-full wp-image-1332\" alt=\"\" srcset=\"https:\/\/lavalentinacafe.de\/wp-content\/uploads\/2024\/06\/coffee-bg-1-e1592388441790.png 350w, https:\/\/lavalentinacafe.de\/wp-content\/uploads\/2024\/06\/coffee-bg-1-e1592388441790-300x291.png 300w\" sizes=\"(max-width: 350px) 100vw, 350px\" \/><\/div>\r\n\t\t\t\t<\/div>\r\n\r\n\t\t\t\t\r\n\t\t\t<\/div>\r\n\r\n\t\t<\/div>\r\n\r\n\t\t\t\t\t<\/div>\n\t\t\t\t<\/div>\n\t\t\t\t<div class=\"elementor-element elementor-element-21e0cea elementor-widget elementor-widget-cz_gap\" data-id=\"21e0cea\" data-element_type=\"widget\" data-e-type=\"widget\" data-widget_type=\"cz_gap.default\">\n\t\t\t\t<div class=\"elementor-widget-container\">\n\t\t\t\t\t<div class=\"cz_gap clr\"><\/div>\t\t\t\t<\/div>\n\t\t\t\t<\/div>\n\t\t\t\t<div class=\"elementor-element elementor-element-01c51da elementor-widget elementor-widget-cz_title\" data-id=\"01c51da\" data-element_type=\"widget\" data-e-type=\"widget\" data-widget_type=\"cz_title.default\">\n\t\t\t\t<div class=\"elementor-widget-container\">\n\t\t\t\t\t\t\r\n\t\t<div>\r\n\t\t\t<div class=\"cz_title clr cz_mobile_text_center cz_title_pos_inline tac\"><div class=\"cz_title_content\"><div class=\"cz_wpe_content\"><h3 style=\"text-align: center;\"><span style=\"font-size: 36px;\">Wer wir sind\n<\/span><\/h3><\/div><\/div><\/div>\r\n\t\t<\/div>\r\n\t\t\r\n\t\t\t\t\t\t<\/div>\n\t\t\t\t<\/div>\n\t\t\t\t<div class=\"elementor-element elementor-element-727e46a elementor-widget elementor-widget-cz_gap\" data-id=\"727e46a\" data-element_type=\"widget\" data-e-type=\"widget\" data-widget_type=\"cz_gap.default\">\n\t\t\t\t<div class=\"elementor-widget-container\">\n\t\t\t\t\t<div class=\"cz_gap clr\"><\/div>\t\t\t\t<\/div>\n\t\t\t\t<\/div>\n\t\t\t\t\t<\/div>\n\t\t<\/div>\n\t\t\t\t\t<\/div>\n\t\t<\/section>\n\t\t\t\t<section class=\"elementor-section elementor-top-section elementor-element elementor-element-bedb999 elementor-section-boxed elementor-section-height-default elementor-section-height-default\" data-id=\"bedb999\" data-element_type=\"section\" data-e-type=\"section\">\n\t\t\t\t\t\t<div class=\"elementor-container elementor-column-gap-default\">\n\t\t\t\t\t<div class=\"elementor-column elementor-col-16 elementor-top-column elementor-element elementor-element-e75e245\" data-id=\"e75e245\" data-element_type=\"column\" data-e-type=\"column\">\n\t\t\t<div class=\"elementor-widget-wrap\">\n\t\t\t\t\t\t\t<\/div>\n\t\t<\/div>\n\t\t\t\t<div class=\"elementor-column elementor-col-66 elementor-top-column elementor-element elementor-element-63733e7\" data-id=\"63733e7\" data-element_type=\"column\" data-e-type=\"column\">\n\t\t\t<div class=\"elementor-widget-wrap elementor-element-populated\">\n\t\t\t\t\t\t<div class=\"elementor-element elementor-element-e14aaca elementor-widget elementor-widget-cz_title\" data-id=\"e14aaca\" data-element_type=\"widget\" data-e-type=\"widget\" data-widget_type=\"cz_title.default\">\n\t\t\t\t<div class=\"elementor-widget-container\">\n\t\t\t\t\t\t\r\n\t\t<div>\r\n\t\t\t<div class=\"cz_title clr cz_mobile_text_center cz_title_pos_inline\"><div class=\"cz_title_content\"><div class=\"cz_wpe_content\"><p>Wir sind ein Junges dynamisches Team aus Dortmund.<br \/>Wir bieten ihnen Morgens einen Italienisches Fr\u00fchst\u00fcck , italienische S\u00fc\u00dfwaren, Torten , Frische Waffeln und Cr\u00eapes und vieles mehr un ihren Gaumen zu befriedigen.<\/p><p>Wir haben Montag , Dienstag , Donnerstag, Freitag und Wochenende f\u00fcr sie ge\u00f6ffnet von 10:30 bis 21:30 Uhr.<br \/>Montag ist Ruhetag.<\/p><h3>\u00a0<\/h3><\/div><\/div><\/div>\r\n\t\t<\/div>\r\n\t\t\r\n\t\t\t\t\t\t<\/div>\n\t\t\t\t<\/div>\n\t\t\t\t<div class=\"elementor-element elementor-element-b234cef elementor-widget elementor-widget-cz_image\" data-id=\"b234cef\" data-element_type=\"widget\" data-e-type=\"widget\" data-widget_type=\"cz_image.default\">\n\t\t\t\t<div class=\"elementor-widget-container\">\n\t\t\t\t\t\r\n\t\t<div class=\"cz_image clr cz_image_no_fx center_on_mobile\" data-position=\"\">\r\n\r\n\t\t\t<div class=\"cz_svg_bg\">\r\n\r\n\t\t\t\t<div class=\"cz_image_in\">\r\n\r\n\t\t\t\t\t<div class=\"cz_main_image\"><img decoding=\"async\" width=\"1284\" height=\"1259\" src=\"https:\/\/lavalentinacafe.de\/wp-content\/uploads\/2025\/07\/WhatsApp-Image-2025-06-23-at-11.19.34-PM.jpeg\" class=\"attachment-full size-full wp-image-1743\" alt=\"\" srcset=\"https:\/\/lavalentinacafe.de\/wp-content\/uploads\/2025\/07\/WhatsApp-Image-2025-06-23-at-11.19.34-PM.jpeg 1284w, https:\/\/lavalentinacafe.de\/wp-content\/uploads\/2025\/07\/WhatsApp-Image-2025-06-23-at-11.19.34-PM-300x294.jpeg 300w, https:\/\/lavalentinacafe.de\/wp-content\/uploads\/2025\/07\/WhatsApp-Image-2025-06-23-at-11.19.34-PM-1024x1004.jpeg 1024w, https:\/\/lavalentinacafe.de\/wp-content\/uploads\/2025\/07\/WhatsApp-Image-2025-06-23-at-11.19.34-PM-768x753.jpeg 768w, https:\/\/lavalentinacafe.de\/wp-content\/uploads\/2025\/07\/WhatsApp-Image-2025-06-23-at-11.19.34-PM-600x588.jpeg 600w\" sizes=\"(max-width: 1284px) 100vw, 1284px\" \/><\/div>\r\n\r\n\t\t\t\t\t<div class=\"cz_hover_image\"><img decoding=\"async\" width=\"1284\" height=\"1259\" src=\"https:\/\/lavalentinacafe.de\/wp-content\/uploads\/2025\/07\/WhatsApp-Image-2025-06-23-at-11.19.34-PM.jpeg\" class=\"attachment-full size-full wp-image-1743\" alt=\"\" srcset=\"https:\/\/lavalentinacafe.de\/wp-content\/uploads\/2025\/07\/WhatsApp-Image-2025-06-23-at-11.19.34-PM.jpeg 1284w, https:\/\/lavalentinacafe.de\/wp-content\/uploads\/2025\/07\/WhatsApp-Image-2025-06-23-at-11.19.34-PM-300x294.jpeg 300w, https:\/\/lavalentinacafe.de\/wp-content\/uploads\/2025\/07\/WhatsApp-Image-2025-06-23-at-11.19.34-PM-1024x1004.jpeg 1024w, https:\/\/lavalentinacafe.de\/wp-content\/uploads\/2025\/07\/WhatsApp-Image-2025-06-23-at-11.19.34-PM-768x753.jpeg 768w, https:\/\/lavalentinacafe.de\/wp-content\/uploads\/2025\/07\/WhatsApp-Image-2025-06-23-at-11.19.34-PM-600x588.jpeg 600w\" sizes=\"(max-width: 1284px) 100vw, 1284px\" \/><\/div>\r\n\t\t\t\t<\/div>\r\n\r\n\t\t\t\t\r\n\t\t\t<\/div>\r\n\r\n\t\t<\/div>\r\n\r\n\t\t\t\t\t<\/div>\n\t\t\t\t<\/div>\n\t\t\t\t\t<\/div>\n\t\t<\/div>\n\t\t\t\t<div class=\"elementor-column elementor-col-16 elementor-top-column elementor-element elementor-element-d386c6a\" data-id=\"d386c6a\" data-element_type=\"column\" data-e-type=\"column\">\n\t\t\t<div class=\"elementor-widget-wrap\">\n\t\t\t\t\t\t\t<\/div>\n\t\t<\/div>\n\t\t\t\t\t<\/div>\n\t\t<\/section>\n\t\t\t\t<section class=\"elementor-section elementor-top-section elementor-element elementor-element-43fa60e elementor-section-boxed elementor-section-height-default elementor-section-height-default\" data-id=\"43fa60e\" data-element_type=\"section\" data-e-type=\"section\">\n\t\t\t\t\t\t<div class=\"elementor-container elementor-column-gap-default\">\n\t\t\t\t\t<div class=\"elementor-column elementor-col-100 elementor-top-column elementor-element elementor-element-dfeeccf\" data-id=\"dfeeccf\" data-element_type=\"column\" data-e-type=\"column\">\n\t\t\t<div class=\"elementor-widget-wrap elementor-element-populated\">\n\t\t\t\t\t\t<div class=\"elementor-element elementor-element-cbcef0a elementor-widget elementor-widget-cz_gap\" data-id=\"cbcef0a\" data-element_type=\"widget\" data-e-type=\"widget\" data-widget_type=\"cz_gap.default\">\n\t\t\t\t<div class=\"elementor-widget-container\">\n\t\t\t\t\t<div class=\"cz_gap clr\"><\/div>\t\t\t\t<\/div>\n\t\t\t\t<\/div>\n\t\t\t\t\t<\/div>\n\t\t<\/div>\n\t\t\t\t\t<\/div>\n\t\t<\/section>\n\t\t\t\t<section class=\"elementor-section elementor-top-section elementor-element elementor-element-1ad762c elementor-section-boxed elementor-section-height-default elementor-section-height-default\" data-id=\"1ad762c\" data-element_type=\"section\" data-e-type=\"section\">\n\t\t\t\t\t\t<div class=\"elementor-container elementor-column-gap-default\">\n\t\t\t\t\t<div class=\"elementor-column elementor-col-100 elementor-top-column elementor-element elementor-element-e49cd9c\" data-id=\"e49cd9c\" data-element_type=\"column\" data-e-type=\"column\">\n\t\t\t<div class=\"elementor-widget-wrap\">\n\t\t\t\t\t\t\t<\/div>\n\t\t<\/div>\n\t\t\t\t\t<\/div>\n\t\t<\/section>\n\t\t\t\t<section class=\"elementor-section elementor-top-section elementor-element elementor-element-5182e2f elementor-section-boxed elementor-section-height-default elementor-section-height-default\" data-id=\"5182e2f\" data-element_type=\"section\" data-e-type=\"section\">\n\t\t\t\t\t\t<div class=\"elementor-container elementor-column-gap-default\">\n\t\t\t\t\t<div class=\"elementor-column elementor-col-100 elementor-top-column elementor-element elementor-element-cda1c02\" data-id=\"cda1c02\" data-element_type=\"column\" data-e-type=\"column\">\n\t\t\t<div class=\"elementor-widget-wrap elementor-element-populated\">\n\t\t\t\t\t\t<div class=\"elementor-element elementor-element-2809656 elementor-widget elementor-widget-cz_gap\" data-id=\"2809656\" data-element_type=\"widget\" data-e-type=\"widget\" data-widget_type=\"cz_gap.default\">\n\t\t\t\t<div class=\"elementor-widget-container\">\n\t\t\t\t\t<div class=\"cz_gap clr\"><\/div>\t\t\t\t<\/div>\n\t\t\t\t<\/div>\n\t\t\t\t\t<\/div>\n\t\t<\/div>\n\t\t\t\t\t<\/div>\n\t\t<\/section>\n\t\t\t\t<section class=\"elementor-section elementor-top-section elementor-element elementor-element-4abb009 elementor-section-boxed elementor-section-height-default elementor-section-height-default\" data-id=\"4abb009\" data-element_type=\"section\" data-e-type=\"section\">\n\t\t\t\t\t\t<div class=\"elementor-container elementor-column-gap-default\">\n\t\t\t\t\t<div class=\"elementor-column elementor-col-100 elementor-top-column elementor-element elementor-element-bc3493b\" data-id=\"bc3493b\" data-element_type=\"column\" data-e-type=\"column\">\n\t\t\t<div class=\"elementor-widget-wrap elementor-element-populated\">\n\t\t\t\t\t\t<div class=\"elementor-element elementor-element-0de26df elementor-widget elementor-widget-cz_gap\" data-id=\"0de26df\" data-element_type=\"widget\" data-e-type=\"widget\" data-widget_type=\"cz_gap.default\">\n\t\t\t\t<div class=\"elementor-widget-container\">\n\t\t\t\t\t<div class=\"cz_gap clr\"><\/div>\t\t\t\t<\/div>\n\t\t\t\t<\/div>\n\t\t\t\t<div class=\"elementor-element elementor-element-2f841e9 elementor-widget elementor-widget-cz_title\" data-id=\"2f841e9\" data-element_type=\"widget\" data-e-type=\"widget\" data-widget_type=\"cz_title.default\">\n\t\t\t\t<div class=\"elementor-widget-container\">\n\t\t\t\t\t\t\r\n\t\t<div>\r\n\t\t\t<div class=\"cz_title clr cz_title_pos_inline\"><div class=\"cz_title_content\"><div class=\"cz_wpe_content\"><h3>Unsere Vision<\/h3><p>Bei La Valentina streben wir danach, Ihnen durch unser breites und vielf\u00e4ltiges Angebot die italienische Essenskultur n\u00e4her zu bringen.<\/p><p>\u00a0<\/p><\/div><\/div><\/div>\r\n\t\t<\/div>\r\n\t\t\r\n\t\t\t\t\t\t<\/div>\n\t\t\t\t<\/div>\n\t\t\t\t<div class=\"elementor-element elementor-element-905cf1a elementor-widget elementor-widget-cz_gap\" data-id=\"905cf1a\" data-element_type=\"widget\" data-e-type=\"widget\" data-widget_type=\"cz_gap.default\">\n\t\t\t\t<div class=\"elementor-widget-container\">\n\t\t\t\t\t<div class=\"cz_gap clr\"><\/div>\t\t\t\t<\/div>\n\t\t\t\t<\/div>\n\t\t\t\t\t<\/div>\n\t\t<\/div>\n\t\t\t\t\t<\/div>\n\t\t<\/section>\n\t\t\t\t<section class=\"elementor-section elementor-top-section elementor-element elementor-element-9d7677d elementor-section-boxed elementor-section-height-default elementor-section-height-default\" data-id=\"9d7677d\" data-element_type=\"section\" data-e-type=\"section\">\n\t\t\t\t\t\t<div class=\"elementor-container elementor-column-gap-default\">\n\t\t\t\t\t<div class=\"elementor-column elementor-col-100 elementor-top-column elementor-element elementor-element-d688556\" data-id=\"d688556\" data-element_type=\"column\" data-e-type=\"column\">\n\t\t\t<div class=\"elementor-widget-wrap elementor-element-populated\">\n\t\t\t\t\t\t<div class=\"elementor-element elementor-element-cbbbe92 elementor-widget elementor-widget-cz_image\" data-id=\"cbbbe92\" data-element_type=\"widget\" data-e-type=\"widget\" data-widget_type=\"cz_image.default\">\n\t\t\t\t<div class=\"elementor-widget-container\">\n\t\t\t\t\t\r\n\t\t<div class=\"cz_image clr cz_image_no_fx center_on_mobile\" data-position=\"\">\r\n\r\n\t\t\t<div class=\"cz_svg_bg\">\r\n\r\n\t\t\t\t<div class=\"cz_image_in\">\r\n\r\n\t\t\t\t\t<div class=\"cz_main_image\"><img decoding=\"async\" width=\"1284\" height=\"1602\" src=\"https:\/\/lavalentinacafe.de\/wp-content\/uploads\/2025\/07\/WhatsApp-Image-2025-06-23-at-11.19.34-PM-3.jpeg\" class=\"attachment-full size-full wp-image-1742\" alt=\"\" srcset=\"https:\/\/lavalentinacafe.de\/wp-content\/uploads\/2025\/07\/WhatsApp-Image-2025-06-23-at-11.19.34-PM-3.jpeg 1284w, https:\/\/lavalentinacafe.de\/wp-content\/uploads\/2025\/07\/WhatsApp-Image-2025-06-23-at-11.19.34-PM-3-240x300.jpeg 240w, https:\/\/lavalentinacafe.de\/wp-content\/uploads\/2025\/07\/WhatsApp-Image-2025-06-23-at-11.19.34-PM-3-821x1024.jpeg 821w, https:\/\/lavalentinacafe.de\/wp-content\/uploads\/2025\/07\/WhatsApp-Image-2025-06-23-at-11.19.34-PM-3-768x958.jpeg 768w, https:\/\/lavalentinacafe.de\/wp-content\/uploads\/2025\/07\/WhatsApp-Image-2025-06-23-at-11.19.34-PM-3-1231x1536.jpeg 1231w, https:\/\/lavalentinacafe.de\/wp-content\/uploads\/2025\/07\/WhatsApp-Image-2025-06-23-at-11.19.34-PM-3-600x749.jpeg 600w\" sizes=\"(max-width: 1284px) 100vw, 1284px\" \/><\/div>\r\n\r\n\t\t\t\t\t<div class=\"cz_hover_image\"><img decoding=\"async\" width=\"1284\" height=\"1602\" src=\"https:\/\/lavalentinacafe.de\/wp-content\/uploads\/2025\/07\/WhatsApp-Image-2025-06-23-at-11.19.34-PM-3.jpeg\" class=\"attachment-full size-full wp-image-1742\" alt=\"\" srcset=\"https:\/\/lavalentinacafe.de\/wp-content\/uploads\/2025\/07\/WhatsApp-Image-2025-06-23-at-11.19.34-PM-3.jpeg 1284w, https:\/\/lavalentinacafe.de\/wp-content\/uploads\/2025\/07\/WhatsApp-Image-2025-06-23-at-11.19.34-PM-3-240x300.jpeg 240w, https:\/\/lavalentinacafe.de\/wp-content\/uploads\/2025\/07\/WhatsApp-Image-2025-06-23-at-11.19.34-PM-3-821x1024.jpeg 821w, https:\/\/lavalentinacafe.de\/wp-content\/uploads\/2025\/07\/WhatsApp-Image-2025-06-23-at-11.19.34-PM-3-768x958.jpeg 768w, https:\/\/lavalentinacafe.de\/wp-content\/uploads\/2025\/07\/WhatsApp-Image-2025-06-23-at-11.19.34-PM-3-1231x1536.jpeg 1231w, https:\/\/lavalentinacafe.de\/wp-content\/uploads\/2025\/07\/WhatsApp-Image-2025-06-23-at-11.19.34-PM-3-600x749.jpeg 600w\" sizes=\"(max-width: 1284px) 100vw, 1284px\" \/><\/div>\r\n\t\t\t\t<\/div>\r\n\r\n\t\t\t\t\r\n\t\t\t<\/div>\r\n\r\n\t\t<\/div>\r\n\r\n\t\t\t\t\t<\/div>\n\t\t\t\t<\/div>\n\t\t\t\t\t<\/div>\n\t\t<\/div>\n\t\t\t\t\t<\/div>\n\t\t<\/section>\n\t\t\t\t<section class=\"elementor-section elementor-top-section elementor-element elementor-element-7ed7fa5 elementor-section-boxed elementor-section-height-default elementor-section-height-default\" data-id=\"7ed7fa5\" data-element_type=\"section\" data-e-type=\"section\">\n\t\t\t\t\t\t<div class=\"elementor-container elementor-column-gap-default\">\n\t\t\t\t\t<div class=\"elementor-column elementor-col-100 elementor-top-column elementor-element elementor-element-2e470ff\" data-id=\"2e470ff\" data-element_type=\"column\" data-e-type=\"column\">\n\t\t\t<div class=\"elementor-widget-wrap elementor-element-populated\">\n\t\t\t\t\t\t<div class=\"elementor-element elementor-element-25d5526 elementor-widget elementor-widget-cz_title\" data-id=\"25d5526\" data-element_type=\"widget\" data-e-type=\"widget\" data-widget_type=\"cz_title.default\">\n\t\t\t\t<div class=\"elementor-widget-container\">\n\t\t\t\t\t\t\r\n\t\t<div>\r\n\t\t\t<div class=\"cz_title clr cz_title_pos_inline\"><div class=\"cz_title_content\"><div class=\"cz_wpe_content\"><h3>Unsere Mission<\/h3><p>Wir verpflichten uns, exzellenten Service und eine angenehme Atmosph\u00e4re zu bieten, in der Sie Ihr Fr\u00fchst\u00fcck genie\u00dfen k\u00f6nnen. Ob Sie Ihren Tag mit der Arbeit beginnen oder Freunde treffen, wir sind hier, um jeden Moment, den Sie mit uns verbringen, besonders und unvergesslich zu machen.<\/p><p>Begleiten Sie uns bei La Valentina, um das Beste zu erleben, was der Morgen zu bieten hat. Wir sind hier, um Ihren Tag perfekt beginnen zu lassen!<\/p><\/div><\/div><\/div>\r\n\t\t<\/div>\r\n\t\t\r\n\t\t\t\t\t\t<\/div>\n\t\t\t\t<\/div>\n\t\t\t\t<div class=\"elementor-element elementor-element-6ee9647 elementor-widget elementor-widget-cz_gap\" data-id=\"6ee9647\" data-element_type=\"widget\" data-e-type=\"widget\" data-widget_type=\"cz_gap.default\">\n\t\t\t\t<div class=\"elementor-widget-container\">\n\t\t\t\t\t<div class=\"cz_gap clr\"><\/div>\t\t\t\t<\/div>\n\t\t\t\t<\/div>\n\t\t\t\t\t<\/div>\n\t\t<\/div>\n\t\t\t\t\t<\/div>\n\t\t<\/section>\n\t\t\t\t<\/div>\n\t\t","protected":false},"excerpt":{"rendered":"<p>Wer wir sind Wir sind ein Junges dynamisches Team aus Dortmund.Wir &#8230; <\/p>\n","protected":false},"author":1,"featured_media":0,"parent":0,"menu_order":0,"comment_status":"closed","ping_status":"closed","template":"","meta":{"footnotes":""},"class_list":["post-6","page","type-page","status-publish","hentry"],"_links":{"self":[{"href":"https:\/\/lavalentinacafe.de\/index.php\/wp-json\/wp\/v2\/pages\/6","targetHints":{"allow":["GET"]}}],"collection":[{"href":"https:\/\/lavalentinacafe.de\/index.php\/wp-json\/wp\/v2\/pages"}],"about":[{"href":"https:\/\/lavalentinacafe.de\/index.php\/wp-json\/wp\/v2\/types\/page"}],"author":[{"embeddable":true,"href":"https:\/\/lavalentinacafe.de\/index.php\/wp-json\/wp\/v2\/users\/1"}],"replies":[{"embeddable":true,"href":"https:\/\/lavalentinacafe.de\/index.php\/wp-json\/wp\/v2\/comments?post=6"}],"version-history":[{"count":30,"href":"https:\/\/lavalentinacafe.de\/index.php\/wp-json\/wp\/v2\/pages\/6\/revisions"}],"predecessor-version":[{"id":1752,"href":"https:\/\/lavalentinacafe.de\/index.php\/wp-json\/wp\/v2\/pages\/6\/revisions\/1752"}],"wp:attachment":[{"href":"https:\/\/lavalentinacafe.de\/index.php\/wp-json\/wp\/v2\/media?parent=6"}],"curies":[{"name":"wp","href":"https:\/\/api.w.org\/{rel}","templated":true}]}}